{"id":144,"date":"2018-08-20T23:06:11","date_gmt":"2018-08-20T23:06:11","guid":{"rendered":"http:\/\/dagmarsaskova.myartsonline.com\/?page_id=144"},"modified":"2024-10-03T19:56:38","modified_gmt":"2024-10-03T19:56:38","slug":"discographie","status":"publish","type":"page","link":"https:\/\/www.dagmarsaskova.com\/de\/discographie\/","title":{"rendered":"Aufnahmen"},"content":{"rendered":"<p><\/p>\n<h3 style=\"text-align: center;\"><em>Marc\u2019Antonio Ziani<\/em> : <strong>La Morte vinta sul Calvario<\/strong><br \/>\nLes Travers\u00e9es baroques (direction Etienne Meyer &#038; Judith Pacquier)<br \/>\nmit <a href=\"https:\/\/www.forumopera.com\/cd-dvd-livre\/marcantonio-ziani-la-morte-vinta-sul-calvario\/\">Accent<\/a><\/h4>\n<p><a href=\"http:\/\/www.dagmarsaskova.com\/wp-content\/uploads\/2024\/10\/Ziani_Morte_Vinta.jpg\"><img decoding=\"async\" class=\" size-large wp-image-238 aligncenter\" src=\"http:\/\/www.dagmarsaskova.com\/wp-content\/uploads\/2024\/10\/Ziani_Morte_Vinta.jpg\" alt=\"Ziani_Morte_Vinta\" width=\"680\" name=\"Ziani_Morte_Vinta\" onmouseover=\"Ziani_Morte_Vinta.width='750';\" onmouseout=\"Ziani_Morte_Vinta.width='680';\"\/><\/a><\/p>\n<hr>\n<h3 style=\"text-align: center;\"><em>Jacques Duponchel<\/em> : <strong>V\u00eapres pour saint Fran\u00e7ois d\u2019Assise<\/strong><br \/>\nHarmonia Sacra (direction Yannick Lemaire)<br \/>\nmit <a href=\"https:\/\/musica-ficta.com\/product\/jacques-duponchel-vepres-pour-saint-francois-dassise-rome-1665-harmonia-sacra\/\">Musica Ficta<\/a><\/h4>\n<p><a href=\"http:\/\/www.dagmarsaskova.com\/wp-content\/uploads\/2022\/06\/Duponchel_Vepres.jpg\"><img decoding=\"async\" class=\" size-large wp-image-238 aligncenter\" src=\"http:\/\/www.dagmarsaskova.com\/wp-content\/uploads\/2022\/06\/Duponchel_Vepres_small.jpg\" alt=\"Duponchel_Vepres\" width=\"680\" name=\"Duponchel_Vepres\" onmouseover=\"Duponchel_Vepres.width='750';\" onmouseout=\"Duponchel_Vepres.width='680';\"\/><\/a><\/p>\n<hr>\n<h3 style=\"text-align: center;\"><em>Domenico Mazzocchi<\/em> : <strong>Prima le parole<\/strong><br \/>\nLes Travers\u00e9es baroques (direction Etienne Meyer &#038; Judith Pacquier)<br \/>\nmit <a href=\"http:\/\/www.accent-records.com\/\">Accent<\/a><\/h4>\n<p><a href=\"http:\/\/www.dagmarsaskova.com\/wp-content\/uploads\/2022\/06\/Mazzochi_Prima.jpg\"><img decoding=\"async\" class=\" size-large wp-image-238 aligncenter\" src=\"http:\/\/www.dagmarsaskova.com\/wp-content\/uploads\/2022\/06\/Mazzochi_Prima_small.jpg\" alt=\"Mazzochi_Prima\" width=\"680\" name=\"Mazzochi_Prima\" onmouseover=\"Mazzochi_Prima.width='750';\" onmouseout=\"Mazzochi_Prima.width='680';\"\/><\/a><\/p>\n<hr>\n<h3 style=\"text-align: center;\"><em>Gabriel Bataille, Etienne Moulini\u00e9, Henri de Bailly<\/em> : <strong>Reinas<\/strong><br \/>\nEl Sol (direction Chlo\u00e9 S\u00e9v\u00e8re)<br \/>\nmit <a href=\"https:\/\/www.mirare.fr\/en\/albums\/reinas\/\">Mirare<\/a><\/h4>\n<p><a href=\"http:\/\/www.dagmarsaskova.com\/wp-content\/uploads\/2022\/06\/El_Sol_Reinas.jpg\"><img decoding=\"async\" class=\" size-large wp-image-238 aligncenter\" src=\"http:\/\/www.dagmarsaskova.com\/wp-content\/uploads\/2022\/06\/El_Sol_Reinas_small.jpg\" alt=\"El_Sol_Reinas\" width=\"680\" name=\"El_Sol_Reinas\" onmouseover=\"El_Sol_Reinas.width='750';\" onmouseout=\"El_Sol_Reinas.width='680';\"\/><\/a><\/p>\n<hr>\n<h3 style=\"text-align: center;\"><em>Henry Du Mont, Michel Lambert, Marc-Antoine Charpentier, Marin Marais, Jean-Baptiste Lully<\/em> : <strong>Dans la chambre du roy<\/strong><br \/>\nLa Reverencia (direction Andr\u00e9s A. G\u00f3mez)<br \/>\nmit <a href=\"http:\/\/www.vanitasmusica.com\/\">Vanitas<\/a><\/h4>\n<p><a href=\"http:\/\/www.dagmarsaskova.com\/wp-content\/uploads\/2022\/06\/Reverencia_Chabre_Roy.jpg\"><img decoding=\"async\" class=\" size-large wp-image-238 aligncenter\" src=\"http:\/\/www.dagmarsaskova.com\/wp-content\/uploads\/2022\/06\/Reverencia_Chabre_Roy_small.jpg\" alt=\"Reverencia_Chabre_Roy\" width=\"680\" name=\"Reverencia_Chabre_Roy\" onmouseover=\"Reverencia_Chabre_Roy.width='750';\" onmouseout=\"Reverencia_Chabre_Roy.width='680';\"\/><\/a><\/p>\n<hr>\n<h3 style=\"text-align: center;\"><em>Michel-Richard de Lalande<\/em> : <strong>Majest\u00e9<\/strong><br \/>\nEnsemble Aedes (direction Mathieu Romano)<br \/>\n&#038;<br \/>\nLe Po\u00e8me Harmonique (Vincent Dumestre)<br \/>\nmit <a href=\"https:\/\/outhere-music.com\/fr\/albums\/majeste-alpha-968\">Alpha-classics<\/a><\/h4>\n<p><a href=\"http:\/\/www.dagmarsaskova.com\/wp-content\/uploads\/2018\/12\/Lalande_Majeste.jpg\"><img decoding=\"async\" class=\" size-large wp-image-238 aligncenter\" src=\"http:\/\/www.dagmarsaskova.com\/wp-content\/uploads\/2018\/12\/Lalande_Majeste_small.jpg\" alt=\"Lalande_Majeste\" width=\"680\" name=\"Lalande_Majeste\" onmouseover=\"Lalande_Majeste.width='750';\" onmouseout=\"Lalande_Majeste.width='680';\"\/><\/a><\/p>\n<hr>\n<h3 style=\"text-align: center;\"><em>Michel Lambert, S\u00e9bastien le Camus<\/em> : <strong>Douce F\u00e9licit\u00e9<\/strong><br \/>\nIl Festino (direction Manuel de Grange)<br \/>\nmit <a href=\"https:\/\/www.allmusic.com\/album\/michel-lambert-sebastien-le-camus-douce-f%C3%A9licit%C3%A9-mw0003036341\">Musica Ficta<\/a><\/h4>\n<p><a href=\"http:\/\/www.dagmarsaskova.com\/wp-content\/uploads\/2018\/12\/Festino_Lambert_Camus.jpg\"><img decoding=\"async\" class=\" size-large wp-image-238 aligncenter\" src=\"http:\/\/www.dagmarsaskova.com\/wp-content\/uploads\/2018\/12\/Festino_Lambert_Camus_small.jpg\" alt=\"Festino_Lambert_Camus\" width=\"680\" name=\"Festino_Lambert_Camus\" onmouseover=\"Festino_Lambert_Camus.width='750';\" onmouseout=\"Festino_Lambert_Camus.width='680';\"\/><\/a><\/p>\n<hr>\n<h3 style=\"text-align: center;\"><em>Francesco Cavalli, Luigi Rossi, Jean de Cambefort, Antoine Boesset, Louis Constantin, Michel Lambert<\/em> : <strong>Concert royal de la Nuit<\/strong><br \/>\nLes Correspondances (direction S\u00e9bastien Dauc\u00e8)<br \/>\nmit <a href=\"http:\/\/www.harmoniamundi.com\/#!\/albums\/2117\">Harmonia mundi<\/a><\/h4>\n<p><a href=\"http:\/\/www.dagmarsaskova.com\/wp-content\/uploads\/2018\/11\/concert_royal.jpg\"><img decoding=\"async\" class=\" size-large wp-image-238 aligncenter\" src=\"http:\/\/www.dagmarsaskova.com\/wp-content\/uploads\/2018\/11\/concert_royal_small.jpg\" alt=\"concert_royal\" width=\"680\" name=\"concert_royal\" onmouseover=\"concert_royal.width='750';\" onmouseout=\"concert_royal.width='680';\"\/><\/a><\/p>\n<hr>\n<h3 style=\"text-align: center;\"><em>(Musiques pastorales)<\/em> : <strong>Natale in Italia<\/strong><br \/>\nLa Fenice (direction Jean Tub\u00e9ry)<br \/>\nmit <a href=\"https:\/\/www.amazon.fr\/Natale-Italia-Tubery-Ensemble-Fenice\/dp\/B0143R4GOG\">Ars Produktion<\/a><\/h4>\n<p><a href=\"http:\/\/www.dagmarsaskova.com\/wp-content\/uploads\/2018\/11\/Natale_in_Italia.jpg\"><img decoding=\"async\" class=\" size-large wp-image-242 aligncenter\" src=\"http:\/\/www.dagmarsaskova.com\/wp-content\/uploads\/2018\/11\/Natale_in_Italia_small.jpg\" alt=\"Natale_in_Italia\" width=\"680\" name=\"Natale_in_Italia\" onmouseover=\"Natale_in_Italia.width='750';\" onmouseout=\"Natale_in_Italia.width='680';\"\/><\/a><\/p>\n<hr>\n<h3 style=\"text-align: center;\"><em>Stefano Landi<\/em> : <strong>Arie da Cantarsi <\/strong><br \/>\nIl Festino (direction Manuel de Grange)<br \/>\nmit <a href=\"http:\/\/www.musica-ficta.com\/new\/fr\/catalogue.php?ID_cat=102\">Musica ficta<\/a>   <img decoding=\"async\" src=\"http:\/\/www.dagmarsaskova.com\/wp-content\/uploads\/2018\/11\/diapason.jpg\" alt=\"5 diapasons\" width=\"55\" align=\"center\" \/><\/h4>\n<p><a href=\"http:\/\/www.dagmarsaskova.com\/wp-content\/uploads\/2018\/11\/Festino_Landi.jpg\"><img decoding=\"async\" class=\" size-large wp-image-130 aligncenter\" src=\"http:\/\/www.dagmarsaskova.com\/wp-content\/uploads\/2018\/11\/Festino_Landi_small.jpg\" alt=\"Festino_Landi\" width=\"680\" name=\"Festino_Landi\" onmouseover=\"Festino_Landi.width='750';\" onmouseout=\"Festino_Landi.width='680';\"\/><\/a><\/p>\n<hr>\n<h3 style=\"text-align: center;\"><em>Philippe Hersant et Clairvaux<\/em> : <strong>Instants limites <\/strong><br \/>\nEnsemble vocal Aedes (direction Mathieu Romano)<br \/>\nmit <a href=\"https:\/\/www.outhere-music.com\/fr\/albums\/clairvaux-instants-limites-aecd-1334\/pistes\">aeon<\/a>   <img decoding=\"async\" src=\"http:\/\/www.dagmarsaskova.com\/wp-content\/uploads\/2018\/11\/diapason_or.jpg\" alt=\"5 diapasons\" width=\"55\" align=\"center\" \/><\/h4>\n<p><a href=\"http:\/\/www.dagmarsaskova.com\/wp-content\/uploads\/2018\/11\/Hers_Clair_inst.jpg\"><img decoding=\"async\" class=\"aligncenter size-large wp-image-333\" src=\"http:\/\/www.dagmarsaskova.com\/wp-content\/uploads\/2018\/11\/Hers_Clair_inst_small.jpg\" alt=\"hers_clair_inst\" width=\"680\" name=\"hers_clair_inst\" onmouseover=\"hers_clair_inst.width='750';\" onmouseout=\"hers_clair_inst.width='680';\"\/><\/a><\/p>\n<hr>\n<h3 style=\"text-align: center;\"><em>Marc-Antoine Charpentier<\/em> : <strong>Judith &amp; Le Massacre des Innocents <\/strong><br \/>\nCentre de musique baroque de Versailles (direction Olivier Schneebeli)<br \/>\nmit <a href=\"https:\/\/www.amazon.fr\/Antoine-Charpentier-Oratorios-massacre-innocents\/dp\/B00AWVSENC\">K617<\/a><\/h4>\n<p><a href=\"http:\/\/www.dagmarsaskova.com\/wp-content\/uploads\/2018\/11\/CMBV_Charp.jpg\"><img decoding=\"async\" class=\" size-large wp-image-128 aligncenter\" src=\"http:\/\/www.dagmarsaskova.com\/wp-content\/uploads\/2018\/11\/CMBV_Charp_small.jpg\" alt=\"CMBV_Charp\" width=\"680\" name=\"CMBV_Charp\" onmouseover=\"CMBV_Charp.width='750';\" onmouseout=\"CMBV_Charp.width='680';\"\/><\/a><\/p>\n<hr>\n<h3 style=\"text-align: center;\"><em>Johann Hermann Schein<\/em> : <strong>Fontana d&#8217;Israel<\/strong><br \/>\nSagittariuus (direction Michel Lapl\u00e9nie)<br \/>\nmit <a href=\"http:\/\/www.editionshortus.com\/catalogue_fiche.php?prod_id=41\">Editions Hortus<\/a><\/h4>\n<p><a href=\"http:\/\/www.dagmarsaskova.com\/wp-content\/uploads\/2018\/11\/Schein_Is.jpg\"><img decoding=\"async\" class=\"aligncenter size-large wp-image-337\" src=\"http:\/\/www.dagmarsaskova.com\/wp-content\/uploads\/2018\/11\/Schein_Is_small.jpg\" alt=\"schein_is\" width=\"680\" name=\"schein_is\" onmouseover=\"schein_is.width='750';\" onmouseout=\"schein_is.width='680';\"\/><\/a><\/p>\n<hr>\n<h3 style=\"text-align: center;\"><em>Antoine Moulini\u00e9, Etienne Bo\u00ebsset<\/em> : <strong>L&#8217;air italien au temps de Louis XIII <\/strong><br \/>\nIl Festino (direction Manuel de Grange)<br \/>\nmit <a href=\"http:\/\/www.musica-ficta.com\/new\/fr\/catalogue.php?ID_cat=79\">Musica ficta<\/a>   <img decoding=\"async\" src=\"http:\/\/www.dagmarsaskova.com\/wp-content\/uploads\/2018\/11\/diapason.jpg\" alt=\"5 diapasons\" width=\"55\" align=\"center\" \/><\/h4>\n<p><a href=\"http:\/\/www.dagmarsaskova.com\/wp-content\/uploads\/2018\/11\/Festino_Moul_Boes.jpg\"><img decoding=\"async\" class=\" size-large wp-image-131 aligncenter\" src=\"http:\/\/www.dagmarsaskova.com\/wp-content\/uploads\/2018\/11\/Festino_Moul_Boes_small.jpg\" alt=\"Festino_Moul_Boes\" width=\"680\" name=\"Festino_Moul_Boes\" onmouseover=\"Festino_Moul_Boes.width='750';\" onmouseout=\"Festino_Moul_Boes.width='680';\"\/><\/a><\/p>\n<hr>\n<h3 style=\"text-align: center;\"><em>Dieterich Buxtehude<\/em> : <strong>Cantatas &amp; Sonatas <\/strong><br \/>\nLe Concert Bris\u00e9 (direction William Dongois)<br \/>\nmit <a href=\"http:\/\/www.allmusic.com\/album\/dietrich-buxtehude-cantatas-sonatas-mw0002278328\">Accent<\/a>   <img decoding=\"async\" src=\"http:\/\/www.dagmarsaskova.com\/wp-content\/uploads\/2018\/11\/diapason.jpg\" alt=\"5 diapasons\" width=\"55\" align=\"center\" \/><\/h4>\n<p><a href=\"http:\/\/www.dagmarsaskova.com\/wp-content\/uploads\/2018\/11\/Conc_bris_Buxt.jpg\"><img decoding=\"async\" class=\" size-large wp-image-129 aligncenter\" src=\"http:\/\/www.dagmarsaskova.com\/wp-content\/uploads\/2018\/11\/Conc_bris_Buxt_small.jpg\" alt=\"Conc_bris_Buxt\" width=\"680\" name=\"Conc_bris_Buxt\" onmouseover=\"Conc_bris_Buxt.width='750';\" onmouseout=\"Conc_bris_Buxt.width='680';\"\/><\/a><\/p>\n<hr>\n<h3 style=\"text-align: center;\"><em>Johann Hermann Schein<\/em> : <strong>Opella nova et Fontana d\u00b4Israel<\/strong><br \/>\nSagittariuus (direction Michel Lapl\u00e9nie)<br \/>\nmit <a href=\"http:\/\/www.editionshortus.com\/catalogue_fiche.php?prod_id=66\">Editions Hortus<\/a><\/h4>\n<p><a href=\"http:\/\/www.dagmarsaskova.com\/wp-content\/uploads\/2018\/11\/Sch_op_n.jpg\"><img decoding=\"async\" class=\"aligncenter size-large wp-image-338\" src=\"http:\/\/www.dagmarsaskova.com\/wp-content\/uploads\/2018\/11\/Sch_op_n_small.jpg\" alt=\"sch_op_n\" width=\"680\" name=\"sch_op_n\" onmouseover=\"sch_op_n.width='750';\" onmouseout=\"sch_op_n.width='680';\"\/><\/a><\/p>\n<hr>\n<h3 style=\"text-align: center;\"><em>Pierre Robert<\/em> : <strong>Grands Motets<\/strong><br \/>\nCentre de musique baroque de Versailles (direction Olivier Schneebeli)<br \/>\n&#038;<br \/>\nMusica Florea (direction Marek \u0160tryncl)<br \/>\nmit <a href=\"http:\/\/editions.cmbv.fr\/achat\/produit_details.php?id=912\">K617<\/a><\/h4>\n<p><a href=\"http:\/\/www.dagmarsaskova.com\/wp-content\/uploads\/2018\/12\/Grands_Motets.jpg\"><img decoding=\"async\" class=\" size-large wp-image-238 aligncenter\" src=\"http:\/\/www.dagmarsaskova.com\/wp-content\/uploads\/2018\/12\/Grands_Motets_small.jpg\" alt=\"grands_motets\" width=\"680\" name=\"grands_motets\" onmouseover=\"grands_motets.width='750';\" onmouseout=\"grands_motets.width='680';\"\/><\/a><br \/>\n<\/p>","protected":false},"excerpt":{"rendered":"<p>Marc\u2019Antonio Ziani : La Morte vinta sul Calvario Les Travers\u00e9es baroques (direction Etienne Meyer &#038; Judith Pacquier) mit Accent Jacques Duponchel : V\u00eapres pour saint Fran\u00e7ois d\u2019Assise Harmonia Sacra (direction<a class=\"moretag\" href=\"https:\/\/www.dagmarsaskova.com\/de\/discographie\/\"><span class=\"screen-reader-text\">Read more about Aufnahmen<\/span>[&#8230;]<\/a><\/p>\n","protected":false},"author":1,"featured_media":0,"parent":0,"menu_order":0,"comment_status":"closed","ping_status":"closed","template":"template-fullwidth.php","meta":{"footnotes":"","_links_to":"","_links_to_target":""},"class_list":["post-144","page","type-page","status-publish","hentry"],"_links":{"self":[{"href":"https:\/\/www.dagmarsaskova.com\/de\/wp-json\/wp\/v2\/pages\/144","targetHints":{"allow":["GET"]}}],"collection":[{"href":"https:\/\/www.dagmarsaskova.com\/de\/wp-json\/wp\/v2\/pages"}],"about":[{"href":"https:\/\/www.dagmarsaskova.com\/de\/wp-json\/wp\/v2\/types\/page"}],"author":[{"embeddable":true,"href":"https:\/\/www.dagmarsaskova.com\/de\/wp-json\/wp\/v2\/users\/1"}],"replies":[{"embeddable":true,"href":"https:\/\/www.dagmarsaskova.com\/de\/wp-json\/wp\/v2\/comments?post=144"}],"version-history":[{"count":48,"href":"https:\/\/www.dagmarsaskova.com\/de\/wp-json\/wp\/v2\/pages\/144\/revisions"}],"predecessor-version":[{"id":1379,"href":"https:\/\/www.dagmarsaskova.com\/de\/wp-json\/wp\/v2\/pages\/144\/revisions\/1379"}],"wp:attachment":[{"href":"https:\/\/www.dagmarsaskova.com\/de\/wp-json\/wp\/v2\/media?parent=144"}],"curies":[{"name":"wp","href":"https:\/\/api.w.org\/{rel}","templated":true}]}}